{"id":69,"date":"2025-06-20T08:38:33","date_gmt":"2025-06-20T08:38:33","guid":{"rendered":"https:\/\/sparplancheck.de\/?page_id=69"},"modified":"2025-08-07T15:27:39","modified_gmt":"2025-08-07T15:27:39","slug":"nutzungsbedingungen","status":"publish","type":"page","link":"https:\/\/festgeldratgeber.com\/?page_id=69","title":{"rendered":"Nutzungsbedingungen"},"content":{"rendered":"\n<hr class=\"wp-block-separator has-alpha-channel-opacity\"\/>\n\n\n\n<p><strong>Nutzungsbedingungen f\u00fcr die Website von Festgeldratgeber<\/strong><\/p>\n\n\n\n<ol class=\"wp-block-list\">\n<li><strong>Einverst\u00e4ndnis<\/strong><br>Mit dem Zugriff auf die Website <a class=\"\" href=\"http:\/\/www.Festgeldratgeber.com\">www.festgeldrategeber.com<\/a> und deren Unterseiten (nachfolgend \u201eWebsite\u201c) erkl\u00e4ren Sie sich mit den folgenden Nutzungsbedingungen sowie den rechtlichen Hinweisen einverstanden. Wenn Sie diesen Bedingungen nicht zustimmen, verlassen Sie bitte umgehend die Website.<\/li>\n<\/ol>\n\n\n\n<p>Festgeldratgeber beh\u00e4lt sich das Recht vor, die Nutzungsbedingungen jederzeit ohne vorherige Ank\u00fcndigung zu \u00e4ndern sowie den Zugriff auf die Website einzuschr\u00e4nken oder zu beenden. Bitte \u00fcberpr\u00fcfen Sie die Bedingungen regelm\u00e4\u00dfig.<\/p>\n\n\n\n<p>Die Nutzung dieser Website unterliegt deutschem Recht. Gerichtsstand ist Chemnitz. Dar\u00fcber hinaus k\u00f6nnen auch die Gesetze des Landes gelten, von dem aus Sie auf die Website zugreifen.<\/p>\n\n\n\n<ol start=\"2\" class=\"wp-block-list\">\n<li><strong>Keine Beratung, kein Angebot<\/strong><br>Alle Inhalte auf dieser Website dienen ausschlie\u00dflich Informationszwecken. Sie stellen weder ein Angebot noch eine Aufforderung zum Kauf oder Verkauf von Finanzprodukten dar. Die Inhalte ersetzen keine individuelle Anlageberatung, rechtliche oder steuerliche Beratung.<\/li>\n<\/ol>\n\n\n\n<p>Finanzentscheidungen sollten stets auf Basis fundierter Informationen und gegebenenfalls mit Unterst\u00fctzung eines unabh\u00e4ngigen Beraters getroffen werden. Festgeldratgeber spricht keine individuellen Empfehlungen aus.<\/p>\n\n\n\n<ol start=\"3\" class=\"wp-block-list\">\n<li><strong>Rechtliche Einschr\u00e4nkungen<\/strong><br>Die Website richtet sich nicht an Personen in L\u00e4ndern, in denen die Bereitstellung der Inhalte gegen geltende Gesetze oder Regulierungen verst\u00f6\u00dft. Produkte und Dienstleistungen von Festgeldratgeber sind m\u00f6glicherweise nicht in allen L\u00e4ndern \u2013 insbesondere in den USA, Kanada, Gro\u00dfbritannien, Indien, Japan, Italien und Spanien \u2013 verf\u00fcgbar oder zugelassen.<\/li>\n\n\n\n<li><strong>Haftungsausschluss \/ Keine Gew\u00e4hr<\/strong><br>Festgeldratgeber \u00fcbernimmt keine Gew\u00e4hr f\u00fcr die Richtigkeit, Vollst\u00e4ndigkeit oder Aktualit\u00e4t der bereitgestellten Inhalte. Ebenso wenig f\u00fcr die Verf\u00fcgbarkeit oder Fehlerfreiheit der Website oder verlinkter Inhalte. Jegliche Nutzung erfolgt auf eigenes Risiko.<\/li>\n<\/ol>\n\n\n\n<p>Es wird empfohlen, Sicherheitssoftware und aktuelle Browser zu verwenden, um sich vor Malware zu sch\u00fctzen.<\/p>\n\n\n\n<ol start=\"5\" class=\"wp-block-list\">\n<li><strong>Haftungsbeschr\u00e4nkung<\/strong><br>Festgeldratgeber haftet nicht f\u00fcr direkte oder indirekte Sch\u00e4den, die durch die Nutzung der Website oder deren Inhalte entstehen \u2013 insbesondere nicht f\u00fcr Datenverluste, entgangene Gewinne oder sonstige wirtschaftliche Sch\u00e4den, soweit rechtlich zul\u00e4ssig.<\/li>\n\n\n\n<li><strong>Urheber- und Markenrechte<\/strong><br>S\u00e4mtliche Inhalte dieser Website sind urheberrechtlich gesch\u00fctzt und Eigentum von Festgeldratgeber oder deren Lizenzgebern. Die Vervielf\u00e4ltigung, Verbreitung oder Nutzung der Inhalte ohne ausdr\u00fcckliche Genehmigung ist nicht gestattet.<\/li>\n\n\n\n<li><strong>Inhalte Dritter<\/strong><br>Die Website kann Informationen von Drittanbietern enthalten. Diese Anbieter \u00fcbernehmen keine Gew\u00e4hr f\u00fcr die Richtigkeit oder Vollst\u00e4ndigkeit der bereitgestellten Informationen. Eine Haftung ist ausgeschlossen.<\/li>\n\n\n\n<li><strong>Interessenskonflikte<\/strong><br>Mitarbeiter oder Partner von Festgeldratgeber k\u00f6nnten Anteile an auf der Website erw\u00e4hnten Unternehmen halten oder mit diesen in Gesch\u00e4ftsbeziehung stehen.<\/li>\n\n\n\n<li><strong>Performance-Hinweis<\/strong><br>Vergangene Wertentwicklungen sind kein verl\u00e4sslicher Indikator f\u00fcr zuk\u00fcnftige Ergebnisse. Der Wert von Anlagen kann steigen oder fallen. Auch Wechselkursschwankungen k\u00f6nnen den Anlagewert beeinflussen.<\/li>\n\n\n\n<li><strong>\u00dcberwachung<\/strong><br>Zur Sicherheit und Optimierung der Website k\u00f6nnen Zugriffe und Nutzungsverhalten anonymisiert aufgezeichnet und analysiert werden.<\/li>\n\n\n\n<li><strong>Externe Links<\/strong><br>Verlinkungen zu anderen Websites dienen lediglich als Hinweis. F\u00fcr deren Inhalte \u00fcbernimmt Festgeldratgeber keine Verantwortung. Die Nutzung erfolgt auf eigenes Risiko. Es gelten die Datenschutzrichtlinien der jeweiligen Betreiber.<\/li>\n\n\n\n<li><strong>Datenschutz<\/strong><br>Alle Informationen zur Erhebung, Nutzung und Speicherung personenbezogener Daten finden Sie in unserer <a class=\"\" href=\"#\">Datenschutzerkl\u00e4rung<\/a>.<\/li>\n\n\n\n<li><strong>Informationen zu Derivaten und Research<\/strong><br>Zugriff auf Inhalte zu Derivaten und Research-Materialien erfolgt unter Angabe des Herkunftslands. Nicht alle Inhalte stehen in jedem Land zur Verf\u00fcgung.<\/li>\n\n\n\n<li><strong>\u00dcbertragbarkeit<\/strong><br>Festgeldratgeber ist berechtigt, Rechte und Pflichten aus diesen Nutzungsbedingungen an Dritte zu \u00fcbertragen oder zu delegieren.<\/li>\n<\/ol>\n","protected":false},"excerpt":{"rendered":"<p>Nutzungsbedingungen f\u00fcr die Website von Festgeldratgeber Festgeldratgeber beh\u00e4lt sich das Recht vor, die Nutzungsbedingungen jederzeit ohne vorherige Ank\u00fcndigung zu \u00e4ndern sowie den Zugriff auf die Website einzuschr\u00e4nken oder zu beenden. Bitte \u00fcberpr\u00fcfen Sie die Bedingungen regelm\u00e4\u00dfig. Die Nutzung dieser Website unterliegt deutschem Recht. Gerichtsstand ist Chemnitz. Dar\u00fcber hinaus k\u00f6nnen auch die Gesetze des Landes gelten, [&hellip;]<\/p>\n","protected":false},"author":1,"featured_media":0,"parent":0,"menu_order":0,"comment_status":"closed","ping_status":"closed","template":"","meta":{"_acf_changed":false,"footnotes":""},"class_list":["post-69","page","type-page","status-publish","hentry"],"acf":[],"lang":"de","translations":{"de":69,"en":1097},"pll_sync_post":[],"_links":{"self":[{"href":"https:\/\/festgeldratgeber.com\/index.php?rest_route=\/wp\/v2\/pages\/69","targetHints":{"allow":["GET"]}}],"collection":[{"href":"https:\/\/festgeldratgeber.com\/index.php?rest_route=\/wp\/v2\/pages"}],"about":[{"href":"https:\/\/festgeldratgeber.com\/index.php?rest_route=\/wp\/v2\/types\/page"}],"author":[{"embeddable":true,"href":"https:\/\/festgeldratgeber.com\/index.php?rest_route=\/wp\/v2\/users\/1"}],"replies":[{"embeddable":true,"href":"https:\/\/festgeldratgeber.com\/index.php?rest_route=%2Fwp%2Fv2%2Fcomments&post=69"}],"version-history":[{"count":3,"href":"https:\/\/festgeldratgeber.com\/index.php?rest_route=\/wp\/v2\/pages\/69\/revisions"}],"predecessor-version":[{"id":1209,"href":"https:\/\/festgeldratgeber.com\/index.php?rest_route=\/wp\/v2\/pages\/69\/revisions\/1209"}],"wp:attachment":[{"href":"https:\/\/festgeldratgeber.com\/index.php?rest_route=%2Fwp%2Fv2%2Fmedia&parent=69"}],"curies":[{"name":"wp","href":"https:\/\/api.w.org\/{rel}","templated":true}]}}